{"id":81,"date":"2024-09-18T09:26:22","date_gmt":"2024-09-18T09:26:22","guid":{"rendered":"https:\/\/nakladatelstvisolidarita.cz\/domains\/nakladatelstvisolidarita.cz\/?post_type=product&#038;p=81"},"modified":"2026-01-12T19:24:35","modified_gmt":"2026-01-12T19:24:35","slug":"zmenu-systemu-ne-zmenu-klimatu","status":"publish","type":"product","link":"https:\/\/nakladatelstvisolidarita.cz\/domains\/nakladatelstvisolidarita.cz\/produkt\/zmenu-systemu-ne-zmenu-klimatu\/","title":{"rendered":"Zm\u011bnu syst\u00e9mu, ne zm\u011bnu klimatu"},"content":{"rendered":"<p>\u010cel\u00edme v\u00e1\u017en\u00e9 klimatick\u00e9 krizi, kter\u00e1 se zhor\u0161uje rychleji, ne\u017e v\u011bdci p\u0159edpokl\u00e1dali, p\u0159i\u010dem\u017e politick\u00e1 reprezentace po desetilet\u00ed selh\u00e1v\u00e1 v adekv\u00e1tn\u00edm \u0159e\u0161en\u00ed situace, \u010dasto kv\u016fli obav\u00e1m z vysok\u00fdch n\u00e1klad\u016f. Nov\u00fd report OSN v roce 2018 upozornil, \u017ee lidstvu zb\u00fdv\u00e1 12 let na p\u0159edejit\u00ed nejhor\u0161\u00ed katastrofy, co\u017e vedlo ke vzniku mezin\u00e1rodn\u00edch hnut\u00ed jako Extinction Rebellion a Fridays for Future, kter\u00e1 se zam\u011b\u0159uj\u00ed na syst\u00e9mov\u00e9 p\u0159\u00ed\u010diny klimatick\u00e9 zm\u011bny a sna\u017e\u00ed se s nimi vypo\u0159\u00e1dat. Socialistick\u00e1 Solidarita se dlouhodob\u011b zapojuje do soci\u00e1ln\u00edch boj\u016f a kritizuje kapitalistick\u00fd syst\u00e9m, kter\u00fd vyko\u0159is\u0165uje jak lidi, tak p\u0159\u00edrodn\u00ed zdroje. Publikace, kterou vyd\u00e1v\u00e1me, obsahuje \u010dl\u00e1nky analyzuj\u00edc\u00ed sou\u010dasnou situaci a navrhuj\u00edc\u00ed alternativy pro soci\u00e1ln\u011b a klimaticky spravedlivou spole\u010dnost, nebo\u0165 boj proti kapitalismu a klimatick\u00e9 zm\u011bn\u011b je nyn\u00ed nal\u00e9hav\u011bj\u0161\u00ed ne\u017e kdy jindy.<\/p>\n","protected":false},"excerpt":{"rendered":"<p>Tato publikace obsahuje \u010dl\u00e1nky analyzuj\u00edc\u00ed sou\u010dasnou situaci a navrhuj\u00edc\u00ed alternativy pro soci\u00e1ln\u011b a klimaticky spravedlivou spole\u010dnost, nebo\u0165 boj proti kapitalismu a klimatick\u00e9 zm\u011bn\u011b je nyn\u00ed nal\u00e9hav\u011bj\u0161\u00ed ne\u017e kdy jindy.<\/p>\n<p>Form\u00e1t: A5<\/p>\n","protected":false},"author":1,"featured_media":122,"template":"","meta":{"jetpack_post_was_ever_published":false},"product_brand":[],"product_cat":[15],"product_tag":[],"ppma_author":[25],"class_list":{"0":"post-81","1":"product","2":"type-product","3":"status-publish","4":"has-post-thumbnail","6":"product_cat-nezarazene","8":"first","9":"instock","10":"sale","11":"taxable","12":"shipping-taxable","13":"purchasable","14":"product-type-simple"},"jetpack-related-posts":[],"jetpack_sharing_enabled":true,"_links":{"self":[{"href":"https:\/\/nakladatelstvisolidarita.cz\/domains\/nakladatelstvisolidarita.cz\/wp-json\/wp\/v2\/product\/81","targetHints":{"allow":["GET"]}}],"collection":[{"href":"https:\/\/nakladatelstvisolidarita.cz\/domains\/nakladatelstvisolidarita.cz\/wp-json\/wp\/v2\/product"}],"about":[{"href":"https:\/\/nakladatelstvisolidarita.cz\/domains\/nakladatelstvisolidarita.cz\/wp-json\/wp\/v2\/types\/product"}],"author":[{"embeddable":true,"href":"https:\/\/nakladatelstvisolidarita.cz\/domains\/nakladatelstvisolidarita.cz\/wp-json\/wp\/v2\/users\/1"}],"wp:featuredmedia":[{"embeddable":true,"href":"https:\/\/nakladatelstvisolidarita.cz\/domains\/nakladatelstvisolidarita.cz\/wp-json\/wp\/v2\/media\/122"}],"wp:attachment":[{"href":"https:\/\/nakladatelstvisolidarita.cz\/domains\/nakladatelstvisolidarita.cz\/wp-json\/wp\/v2\/media?parent=81"}],"wp:term":[{"taxonomy":"product_brand","embeddable":true,"href":"https:\/\/nakladatelstvisolidarita.cz\/domains\/nakladatelstvisolidarita.cz\/wp-json\/wp\/v2\/product_brand?post=81"},{"taxonomy":"product_cat","embeddable":true,"href":"https:\/\/nakladatelstvisolidarita.cz\/domains\/nakladatelstvisolidarita.cz\/wp-json\/wp\/v2\/product_cat?post=81"},{"taxonomy":"product_tag","embeddable":true,"href":"https:\/\/nakladatelstvisolidarita.cz\/domains\/nakladatelstvisolidarita.cz\/wp-json\/wp\/v2\/product_tag?post=81"},{"taxonomy":"author","embeddable":true,"href":"https:\/\/nakladatelstvisolidarita.cz\/domains\/nakladatelstvisolidarita.cz\/wp-json\/wp\/v2\/ppma_author?post=81"}],"curies":[{"name":"wp","href":"https:\/\/api.w.org\/{rel}","templated":true}]}}