{"id":73,"date":"2024-09-18T09:17:51","date_gmt":"2024-09-18T09:17:51","guid":{"rendered":"https:\/\/nakladatelstvisolidarita.cz\/domains\/nakladatelstvisolidarita.cz\/?post_type=product&#038;p=73"},"modified":"2024-11-23T14:22:50","modified_gmt":"2024-11-23T14:22:50","slug":"abeceda-podnikani-neviditelne-ruky-trhu-radek-brezina-byznys-bez-kompromisu","status":"publish","type":"product","link":"https:\/\/nakladatelstvisolidarita.cz\/domains\/nakladatelstvisolidarita.cz\/produkt\/abeceda-podnikani-neviditelne-ruky-trhu-radek-brezina-byznys-bez-kompromisu\/","title":{"rendered":"Abeceda Podnik\u00e1n\u00ed neviditeln\u00e9 ruky trhu \/ Radek B\u0159ezina: Byznys bez kompromis\u016f"},"content":{"rendered":"<p>Slova jako &#8222;<em>Volnost, schopnost, bohatstv\u00ed<\/em>&#8220; se nesou cel\u00fdm p\u0159\u00edb\u011bhem, inspirovan\u00fdm report\u00e1\u017e\u00ed, kterou roku 2013 odvys\u00edlala \u010cesk\u00e1 Televize? jej\u00ed report\u00e9r, Dalibor B\u00e1rtek, se pokusil shrnout p\u016fsoben\u00ed Radka B\u0159eziny ve 40ti minut\u00e1ch, v nich\u017e se \u010desk\u00fd lihov\u00fd kr\u00e1l, v sou\u010dasnosti uv\u011bzn\u011bn, py\u0161n\u00ed n\u011bkolika krimin\u00e1ln\u00edmi kauzami, nakraden\u00fdm majetkem, p\u00e1r vra\u017edami \u010di vyd\u00edr\u00e1n\u00edm. To v\u0161e hezky zabalen\u00e9 v neobvykl\u00e9m komiksu \u010desk\u00e9ho ilustr\u00e1tora \u0160t\u011bp\u00e1na Tesa\u0159e a jeho komiksov\u00e9 z\u00e1pora\u010dky a hlavn\u00ed hrdinky: siln\u00e9 a v\u011bhlasn\u00e9 &#8222;Neviditeln\u00e9 ruky trhu&#8220;.\u00a0<\/p>\n","protected":false},"excerpt":{"rendered":"<p>Komiks \u0160t\u011bp\u00e1na Tesa\u0159e o podvodech lihov\u00e9ho bosse Radka B\u0159eziny.<\/p>\n<p>Form\u00e1t: A4<\/p>\n","protected":false},"author":1,"featured_media":77,"template":"","meta":{"jetpack_post_was_ever_published":false},"product_brand":[],"product_cat":[15],"product_tag":[],"ppma_author":[20],"class_list":{"0":"post-73","1":"product","2":"type-product","3":"status-publish","4":"has-post-thumbnail","6":"product_cat-nezarazene","8":"first","9":"outofstock","10":"sale","11":"taxable","12":"shipping-taxable","13":"purchasable","14":"product-type-simple"},"jetpack-related-posts":[],"jetpack_sharing_enabled":true,"_links":{"self":[{"href":"https:\/\/nakladatelstvisolidarita.cz\/domains\/nakladatelstvisolidarita.cz\/wp-json\/wp\/v2\/product\/73","targetHints":{"allow":["GET"]}}],"collection":[{"href":"https:\/\/nakladatelstvisolidarita.cz\/domains\/nakladatelstvisolidarita.cz\/wp-json\/wp\/v2\/product"}],"about":[{"href":"https:\/\/nakladatelstvisolidarita.cz\/domains\/nakladatelstvisolidarita.cz\/wp-json\/wp\/v2\/types\/product"}],"author":[{"embeddable":true,"href":"https:\/\/nakladatelstvisolidarita.cz\/domains\/nakladatelstvisolidarita.cz\/wp-json\/wp\/v2\/users\/1"}],"wp:featuredmedia":[{"embeddable":true,"href":"https:\/\/nakladatelstvisolidarita.cz\/domains\/nakladatelstvisolidarita.cz\/wp-json\/wp\/v2\/media\/77"}],"wp:attachment":[{"href":"https:\/\/nakladatelstvisolidarita.cz\/domains\/nakladatelstvisolidarita.cz\/wp-json\/wp\/v2\/media?parent=73"}],"wp:term":[{"taxonomy":"product_brand","embeddable":true,"href":"https:\/\/nakladatelstvisolidarita.cz\/domains\/nakladatelstvisolidarita.cz\/wp-json\/wp\/v2\/product_brand?post=73"},{"taxonomy":"product_cat","embeddable":true,"href":"https:\/\/nakladatelstvisolidarita.cz\/domains\/nakladatelstvisolidarita.cz\/wp-json\/wp\/v2\/product_cat?post=73"},{"taxonomy":"product_tag","embeddable":true,"href":"https:\/\/nakladatelstvisolidarita.cz\/domains\/nakladatelstvisolidarita.cz\/wp-json\/wp\/v2\/product_tag?post=73"},{"taxonomy":"author","embeddable":true,"href":"https:\/\/nakladatelstvisolidarita.cz\/domains\/nakladatelstvisolidarita.cz\/wp-json\/wp\/v2\/ppma_author?post=73"}],"curies":[{"name":"wp","href":"https:\/\/api.w.org\/{rel}","templated":true}]}}