{"id":68,"date":"2024-09-18T09:11:05","date_gmt":"2024-09-18T09:11:05","guid":{"rendered":"https:\/\/nakladatelstvisolidarita.cz\/domains\/nakladatelstvisolidarita.cz\/?post_type=product&#038;p=68"},"modified":"2026-01-12T19:24:35","modified_gmt":"2026-01-12T19:24:35","slug":"rebeluv-pruvodce-leninem","status":"publish","type":"product","link":"https:\/\/nakladatelstvisolidarita.cz\/domains\/nakladatelstvisolidarita.cz\/produkt\/rebeluv-pruvodce-leninem\/","title":{"rendered":"Rebel\u016fv pr\u016fvodce Leninem"},"content":{"rendered":"<p>Dne\u0161n\u00ed sv\u011bt je velmi odli\u0161n\u00fd od toho, kter\u00fd znal Lenin. Leninova prvn\u00ed bro\u017eurka byla ps\u00e1na ru\u010dn\u011b, zat\u00edmco dnes ideje obl\u00e9tnou sv\u011bt pouh\u00fdm stisknut\u00edm tla\u010d\u00edtka. Kdyby v\u0161ak Lenin znovu o\u017eil, brzy by poznal celou \u0159adu v\u011bc\u00ed, je\u017e se od jeho dob nezm\u011bnila \u2013 nekone\u010dn\u00e9 v\u00e1lky, rostouc\u00ed nerovnost mezi chud\u00fdmi a bohat\u00fdmi, krut\u00e9 st\u00e1tn\u00ed represe, rabov\u00e1n\u00ed chud\u00fdch zem\u00ed bohat\u00fdmi korporacemi, zkorumpovanost a bezmocnost mainstreamov\u00fdch politik\u016f. Jin\u00fd sv\u011bt je nejen mo\u017en\u00fd, ale p\u0159\u00edmo nezbytn\u00fd k tomu, aby lidstvo v\u016fbec p\u0159e\u017eilo. Abychom toho dos\u00e1hli, pot\u0159ebujeme organizaci. Na\u0161i nep\u0159\u00e1tel\u00e9 maj\u00ed skrze svou organizaci moc a stejn\u011b tak ji mus\u00edme m\u00edt i my.<br \/>\u00dast\u0159edn\u00edm t\u00e9matem Leninova \u017eivota byla nutnost organizace, p\u0159i\u010dem\u017e jeho p\u0159edstavy\u00a0o tom, jak by takov\u00e1to organizace m\u011bla vypadat, se v pr\u016fb\u011bhu \u010dasu m\u011bnily. Nic nen\u00ed op\u0159edeno tolika m\u00fdty jako \u201eleninsk\u00e1 strana\u201c. Leninovy pr\u00e1ce netvo\u0159\u00ed sb\u00edrku recept\u016f a n\u00e1vod\u016f, jak tohoto c\u00edle dos\u00e1hnout, a nejlep\u0161\u00edm leninistou proto nen\u00ed ten, kdo Lenina nej\u010dast\u011bji cituje. Anal\u00fdzy Leninov\u00fdch zku\u0161enost\u00ed a \u00fasp\u011bch\u016f n\u00e1m v\u0161ak mohou pomoci l\u00e9pe porozum\u011bt jeho metod\u00e1m a nakonec vybudovat typ organizace, jak\u00fd pot\u0159ebujeme k na\u0161emu boji.<br \/>Ian Birchal<\/p>\n<p>Kapesn\u00ed Rebel\u016fv pr\u016fvodce Leninem se sna\u017e\u00ed v\u011bcn\u011b p\u0159edstavit komplexnost, je\u017e st\u00e1la za mu\u017eem, historiky tak \u010dasto hanliv\u011b ozna\u010dovan\u00fdm. Ian Birchall prov\u00e1z\u00ed \u010dten\u00e1\u0159e skrze \u00favodn\u00ed anal\u00fdzy Leninov\u00fdch zku\u0161enost\u00ed a \u00fasp\u011bch\u016f, je\u017e dokazuj\u00ed metody, jich\u017e vyu\u017e\u00edval a snahu vytvo\u0159it sv\u011bt, v n\u011bm\u017e by produkce slou\u017eila lidsk\u00e9 pot\u0159eb\u011b a nikoli zisku.<br \/>Prvn\u00ed z p\u0159ipravovan\u00e9 s\u00e9rie kapesn\u00edch p\u0159\u00edru\u010dek \u201cpro ka\u017ed\u00e9ho spr\u00e1vn\u00e9ho revolucion\u00e1\u0159e\u201d si neklade si za c\u00edl obs\u00e1hnout ve\u0161ker\u00e9 podrobnosti, ale vyty\u010dit body nejd\u016fle\u017eit\u011bj\u0161\u00ed. Popsat v knize Leninova rozhodnut\u00ed tak, \u017ee z n\u00ed budete moct sm\u011ble p\u0159ed\u010d\u00edtat nev\u011b\u0159\u00edc\u00edm soused\u016fm, tet\u00e1m nebo lidem v tramvaji. Jednoduch\u00e9, \u010dtiv\u00e9 a p\u0159esv\u011bd\u010div\u00e9.<\/p>\n","protected":false},"excerpt":{"rendered":"<p>Prvn\u00ed z p\u0159\u00edru\u010dek Rebelova pr\u016fvodce.\u00a0Knihu napsal Ian Birchal, p\u0159elo\u017eil V\u00edt\u011bzslav Lama\u010d, graficky zpracovala Nela Kl\u00edmov\u00e1 a ilustroval Alexey Klyuykov.<\/p>\n","protected":false},"author":1,"featured_media":72,"template":"","meta":{"jetpack_post_was_ever_published":false},"product_brand":[],"product_cat":[15],"product_tag":[],"ppma_author":[22],"class_list":{"0":"post-68","1":"product","2":"type-product","3":"status-publish","4":"has-post-thumbnail","6":"product_cat-nezarazene","8":"first","9":"instock","10":"taxable","11":"shipping-taxable","12":"purchasable","13":"product-type-simple"},"jetpack-related-posts":[],"jetpack_sharing_enabled":true,"_links":{"self":[{"href":"https:\/\/nakladatelstvisolidarita.cz\/domains\/nakladatelstvisolidarita.cz\/wp-json\/wp\/v2\/product\/68","targetHints":{"allow":["GET"]}}],"collection":[{"href":"https:\/\/nakladatelstvisolidarita.cz\/domains\/nakladatelstvisolidarita.cz\/wp-json\/wp\/v2\/product"}],"about":[{"href":"https:\/\/nakladatelstvisolidarita.cz\/domains\/nakladatelstvisolidarita.cz\/wp-json\/wp\/v2\/types\/product"}],"author":[{"embeddable":true,"href":"https:\/\/nakladatelstvisolidarita.cz\/domains\/nakladatelstvisolidarita.cz\/wp-json\/wp\/v2\/users\/1"}],"wp:featuredmedia":[{"embeddable":true,"href":"https:\/\/nakladatelstvisolidarita.cz\/domains\/nakladatelstvisolidarita.cz\/wp-json\/wp\/v2\/media\/72"}],"wp:attachment":[{"href":"https:\/\/nakladatelstvisolidarita.cz\/domains\/nakladatelstvisolidarita.cz\/wp-json\/wp\/v2\/media?parent=68"}],"wp:term":[{"taxonomy":"product_brand","embeddable":true,"href":"https:\/\/nakladatelstvisolidarita.cz\/domains\/nakladatelstvisolidarita.cz\/wp-json\/wp\/v2\/product_brand?post=68"},{"taxonomy":"product_cat","embeddable":true,"href":"https:\/\/nakladatelstvisolidarita.cz\/domains\/nakladatelstvisolidarita.cz\/wp-json\/wp\/v2\/product_cat?post=68"},{"taxonomy":"product_tag","embeddable":true,"href":"https:\/\/nakladatelstvisolidarita.cz\/domains\/nakladatelstvisolidarita.cz\/wp-json\/wp\/v2\/product_tag?post=68"},{"taxonomy":"author","embeddable":true,"href":"https:\/\/nakladatelstvisolidarita.cz\/domains\/nakladatelstvisolidarita.cz\/wp-json\/wp\/v2\/ppma_author?post=68"}],"curies":[{"name":"wp","href":"https:\/\/api.w.org\/{rel}","templated":true}]}}