{"id":65,"date":"2024-09-18T09:08:47","date_gmt":"2024-09-18T09:08:47","guid":{"rendered":"https:\/\/nakladatelstvisolidarita.cz\/domains\/nakladatelstvisolidarita.cz\/?post_type=product&#038;p=65"},"modified":"2026-01-12T19:24:35","modified_gmt":"2026-01-12T19:24:35","slug":"skutecna-marxisticka-tradice","status":"publish","type":"product","link":"https:\/\/nakladatelstvisolidarita.cz\/domains\/nakladatelstvisolidarita.cz\/produkt\/skutecna-marxisticka-tradice\/","title":{"rendered":"Skute\u010dn\u00e1 marxistick\u00e1 tradice"},"content":{"rendered":"<p>\u201eCo je to tedy marxismus a\u00a0jak mu m\u00e1me rozum\u011bt? Marxismus rozhodn\u011b nen\u00ed, a\u00a0ani nesm\u00ed b\u00fdt br\u00e1n jako dogma, dopou\u0161t\u011bli bychom se tak stejn\u00e9 fat\u00e1ln\u00ed chyby, jak\u00e9 se dopou\u0161t\u011bl minul\u00fd re\u017eim, kdy\u017e bychom brali Marxovy texty jako p\u00edsmo svat\u00e9 a\u00a0pas\u00e1\u017ee, kter\u00e9 se n\u00e1m nehod\u00ed, jednodu\u0161e ignorovali. Marxismus mus\u00edme br\u00e1t p\u0159edev\u0161\u00edm jako n\u00e1stroj, jako \u017eivou teorii, kter\u00e1 komplexn\u011b popisuje syst\u00e9m, ve kter\u00e9m se nyn\u00ed nach\u00e1z\u00edme, tedy kapitalismus. Nejedn\u00e1 se v\u0161ak o\u00a0teorii vyb\u00e1jenou, je\u017e by byla n\u00e1siln\u011b naroubov\u00e1na na skute\u010dnost. Je tomu p\u0159esn\u011b naopak! Marxismus jako prvn\u00ed z\u00a0teori\u00ed odhazuje ve\u0161ker\u00e1 zd\u00e1n\u00ed a\u00a0ve\u0161ker\u00e9 klamy, kter\u00e9 maj\u00ed lid\u00e9 o\u00a0sv\u011bt\u011b, a\u00a0vych\u00e1z\u00ed z\u00a0re\u00e1ln\u011b existuj\u00edc\u00edch podm\u00ednek a\u00a0vztah\u016f, ve kter\u00fdch se lid\u00e9 nach\u00e1zej\u00ed. Proto se jedn\u00e1 p\u0159edev\u0161\u00edm o\u00a0komplexn\u00ed popis skute\u010dnosti na z\u00e1klad\u011b anal\u00fdzy historick\u00e9ho v\u00fdvoje spole\u010densk\u00e9ho uspo\u0159\u00e1d\u00e1n\u00ed od feudalismu p\u0159es kapitalismus a\u00a0sm\u011b\u0159uje nutn\u011b k\u00a0pops\u00e1n\u00ed princip\u016f budouc\u00ed spole\u010dnosti \u2013 tedy k\u00a0Marxov\u011b pojmu komunismus.\u201c<\/p>\n","protected":false},"excerpt":{"rendered":"<p>Kniha Johna Molyneuxe, je kvalitn\u00edm vhledem do slo\u017eit\u00e9 a\u00a0rozv\u011btven\u00e9 teorie marxismu. Vysv\u011btluje, jak\u00fdm zp\u016fsobem selhaly revolu\u010dn\u00ed pokusy v\u00a0N\u011bmecku, hled\u00e1 d\u016fvody, pro\u010d se rusk\u00e1 revoluce roku 1917 \u2013 velk\u00e1 nad\u011bje v emancipa\u010dn\u00edm boji lidstva \u2013 zvr\u00e1tila ve stalinistick\u00fd teror, a hlavn\u011b ukazuje, \u017ee minul\u00e9 syst\u00e9my v\u00fdchodn\u00edho bloku nebyly socialistick\u00e9, nato\u017e pak komunistick\u00e9, p\u0159esto\u017ee se tak naz\u00fdvaly!\u00a0<\/p>\n<p>Form\u00e1t: A5<\/p>\n","protected":false},"author":1,"featured_media":66,"template":"","meta":{"jetpack_post_was_ever_published":false},"product_brand":[],"product_cat":[15],"product_tag":[],"ppma_author":[19],"class_list":{"0":"post-65","1":"product","2":"type-product","3":"status-publish","4":"has-post-thumbnail","6":"product_cat-nezarazene","8":"first","9":"instock","10":"taxable","11":"shipping-taxable","12":"purchasable","13":"product-type-simple"},"jetpack-related-posts":[],"jetpack_sharing_enabled":true,"_links":{"self":[{"href":"https:\/\/nakladatelstvisolidarita.cz\/domains\/nakladatelstvisolidarita.cz\/wp-json\/wp\/v2\/product\/65","targetHints":{"allow":["GET"]}}],"collection":[{"href":"https:\/\/nakladatelstvisolidarita.cz\/domains\/nakladatelstvisolidarita.cz\/wp-json\/wp\/v2\/product"}],"about":[{"href":"https:\/\/nakladatelstvisolidarita.cz\/domains\/nakladatelstvisolidarita.cz\/wp-json\/wp\/v2\/types\/product"}],"author":[{"embeddable":true,"href":"https:\/\/nakladatelstvisolidarita.cz\/domains\/nakladatelstvisolidarita.cz\/wp-json\/wp\/v2\/users\/1"}],"wp:featuredmedia":[{"embeddable":true,"href":"https:\/\/nakladatelstvisolidarita.cz\/domains\/nakladatelstvisolidarita.cz\/wp-json\/wp\/v2\/media\/66"}],"wp:attachment":[{"href":"https:\/\/nakladatelstvisolidarita.cz\/domains\/nakladatelstvisolidarita.cz\/wp-json\/wp\/v2\/media?parent=65"}],"wp:term":[{"taxonomy":"product_brand","embeddable":true,"href":"https:\/\/nakladatelstvisolidarita.cz\/domains\/nakladatelstvisolidarita.cz\/wp-json\/wp\/v2\/product_brand?post=65"},{"taxonomy":"product_cat","embeddable":true,"href":"https:\/\/nakladatelstvisolidarita.cz\/domains\/nakladatelstvisolidarita.cz\/wp-json\/wp\/v2\/product_cat?post=65"},{"taxonomy":"product_tag","embeddable":true,"href":"https:\/\/nakladatelstvisolidarita.cz\/domains\/nakladatelstvisolidarita.cz\/wp-json\/wp\/v2\/product_tag?post=65"},{"taxonomy":"author","embeddable":true,"href":"https:\/\/nakladatelstvisolidarita.cz\/domains\/nakladatelstvisolidarita.cz\/wp-json\/wp\/v2\/ppma_author?post=65"}],"curies":[{"name":"wp","href":"https:\/\/api.w.org\/{rel}","templated":true}]}}