{"id":56,"date":"2024-09-18T08:40:12","date_gmt":"2024-09-18T08:40:12","guid":{"rendered":"https:\/\/nakladatelstvisolidarita.cz\/domains\/nakladatelstvisolidarita.cz\/?post_type=product&#038;p=56"},"modified":"2025-05-19T19:32:18","modified_gmt":"2025-05-19T19:32:18","slug":"teorie-odcizeni-u-mladeho-marxe","status":"publish","type":"product","link":"https:\/\/nakladatelstvisolidarita.cz\/domains\/nakladatelstvisolidarita.cz\/produkt\/teorie-odcizeni-u-mladeho-marxe\/","title":{"rendered":"Teorie odcizen\u00ed u mlad\u00e9ho Marxe"},"content":{"rendered":"<p>Pr\u00e1ce se zam\u011b\u0159uje na teorii odcizen\u00ed Karla Marxe, kter\u00e1 je pova\u017eov\u00e1na za kl\u00ed\u010dov\u00fd humanistick\u00fd prvek jeho d\u00edla, p\u0159i\u010dem\u017e se p\u0159edev\u0161\u00edm soust\u0159ed\u00ed na obdob\u00ed kolem roku 1844, kdy Marx p\u00ed\u0161e Ekonomicko-filosofick\u00e9 rukopisy. D\u00e1le analyzuje Marx\u016fv my\u0161lenkov\u00fd v\u00fdvoj b\u011bhem jeho pobytu v Pa\u0159\u00ed\u017ei, zkoum\u00e1 sociohistorick\u00e9 kontexty, ot\u00e1zku produk\u010dn\u00edch vztah\u016f a \u010dty\u0159i aspekty odcizen\u00ed, v\u010detn\u011b pen\u011bz jako vrcholu Marxovy anal\u00fdzy. Pr\u00e1ce se sna\u017e\u00ed spojit Marxovo my\u0161len\u00ed s aktu\u00e1ln\u00edmi probl\u00e9my a vymezit ho v\u016f\u010di minul\u00fdm interpretac\u00edm, p\u0159i\u010dem\u017e zmi\u0148uje kritiku odcizen\u00ed v sou\u010dasnosti a alternativy v tradici autentick\u00e9ho marxismu.<\/p>\n","protected":false},"excerpt":{"rendered":"<p>Pr\u00e1ce se sna\u017e\u00ed spojit Marxovo my\u0161len\u00ed s aktu\u00e1ln\u00edmi probl\u00e9my a vymezit ho v\u016f\u010di minul\u00fdm interpretac\u00edm, p\u0159i\u010dem\u017e zmi\u0148uje kritiku odcizen\u00ed v sou\u010dasnosti a alternativy v tradici autentick\u00e9ho marxismu.<\/p>\n<p>Form\u00e1t: A5<br \/>Po\u010det stran: 44<\/p>\n","protected":false},"author":1,"featured_media":119,"template":"","meta":{"jetpack_post_was_ever_published":false},"product_brand":[],"product_cat":[15],"product_tag":[],"ppma_author":[18],"class_list":{"0":"post-56","1":"product","2":"type-product","3":"status-publish","4":"has-post-thumbnail","6":"product_cat-nezarazene","8":"first","9":"outofstock","10":"taxable","11":"shipping-taxable","12":"purchasable","13":"product-type-simple"},"jetpack-related-posts":[],"jetpack_sharing_enabled":true,"_links":{"self":[{"href":"https:\/\/nakladatelstvisolidarita.cz\/domains\/nakladatelstvisolidarita.cz\/wp-json\/wp\/v2\/product\/56","targetHints":{"allow":["GET"]}}],"collection":[{"href":"https:\/\/nakladatelstvisolidarita.cz\/domains\/nakladatelstvisolidarita.cz\/wp-json\/wp\/v2\/product"}],"about":[{"href":"https:\/\/nakladatelstvisolidarita.cz\/domains\/nakladatelstvisolidarita.cz\/wp-json\/wp\/v2\/types\/product"}],"author":[{"embeddable":true,"href":"https:\/\/nakladatelstvisolidarita.cz\/domains\/nakladatelstvisolidarita.cz\/wp-json\/wp\/v2\/users\/1"}],"wp:featuredmedia":[{"embeddable":true,"href":"https:\/\/nakladatelstvisolidarita.cz\/domains\/nakladatelstvisolidarita.cz\/wp-json\/wp\/v2\/media\/119"}],"wp:attachment":[{"href":"https:\/\/nakladatelstvisolidarita.cz\/domains\/nakladatelstvisolidarita.cz\/wp-json\/wp\/v2\/media?parent=56"}],"wp:term":[{"taxonomy":"product_brand","embeddable":true,"href":"https:\/\/nakladatelstvisolidarita.cz\/domains\/nakladatelstvisolidarita.cz\/wp-json\/wp\/v2\/product_brand?post=56"},{"taxonomy":"product_cat","embeddable":true,"href":"https:\/\/nakladatelstvisolidarita.cz\/domains\/nakladatelstvisolidarita.cz\/wp-json\/wp\/v2\/product_cat?post=56"},{"taxonomy":"product_tag","embeddable":true,"href":"https:\/\/nakladatelstvisolidarita.cz\/domains\/nakladatelstvisolidarita.cz\/wp-json\/wp\/v2\/product_tag?post=56"},{"taxonomy":"author","embeddable":true,"href":"https:\/\/nakladatelstvisolidarita.cz\/domains\/nakladatelstvisolidarita.cz\/wp-json\/wp\/v2\/ppma_author?post=56"}],"curies":[{"name":"wp","href":"https:\/\/api.w.org\/{rel}","templated":true}]}}