{"id":256,"date":"2025-12-07T14:20:34","date_gmt":"2025-12-07T14:20:34","guid":{"rendered":"https:\/\/nakladatelstvisolidarita.cz\/domains\/nakladatelstvisolidarita.cz\/produkt\/rebeluv-pruvodce-rosou-luxemburg\/"},"modified":"2025-12-27T11:50:30","modified_gmt":"2025-12-27T11:50:30","slug":"rebeluv-pruvodce-rosou-luxemburg","status":"publish","type":"product","link":"https:\/\/nakladatelstvisolidarita.cz\/domains\/nakladatelstvisolidarita.cz\/produkt\/rebeluv-pruvodce-rosou-luxemburg\/","title":{"rendered":"Rebel\u016fv pr\u016fvodce Rosou Luxemburg"},"content":{"rendered":"<p>Rosa Luxemburgov\u00e1 pat\u0159ila k nejv\u00fdznamn\u011bj\u0161\u00edm v\u016fdc\u016fm n\u011bmeck\u00e9 revolu\u010dn\u00ed levice po\u010d\u00e1tku 20. stolet\u00ed. Tato mlad\u00e1 polsk\u00e1 \u017eidovka se neohro\u017een\u011b chopila \u00falohy br\u00e1nit revolu\u010dn\u00ed marxismus a stala se p\u0159edn\u00ed teoreti\u010dkou n\u011bmeck\u00e9 soci\u00e1ln\u00ed demokracie.<\/p>\n<p>Tato bro\u017eura je dal\u0161\u00edm d\u00edlem s\u00e9rie Rebel\u016fv pr\u016fvodce, kter\u00e1 n\u00e1m p\u0159ibli\u017euje revolucion\u00e1\u0159e, jejich\u017e ideje n\u00e1m maj\u00ed dodnes co \u0159\u00edci.<\/p>\n","protected":false},"excerpt":{"rendered":"<p>Rosa Luxemburgov\u00e1 pat\u0159ila k nejv\u00fdznamn\u011bj\u0161\u00edm v\u016fdc\u016fm n\u011bmeck\u00e9 revolu\u010dn\u00ed levice po\u010d\u00e1tku 20. stolet\u00ed. Tato mlad\u00e1 polsk\u00e1 \u017eidovka se neohro\u017een\u011b chopila \u00falohy br\u00e1nit revolu\u010dn\u00ed marxismus a stala se p\u0159edn\u00ed teoreti\u010dkou n\u011bmeck\u00e9 soci\u00e1ln\u00ed demokracie. Tato bro\u017eura je dal\u0161\u00edm d\u00edlem s\u00e9rie Rebel\u016fv pr\u016fvodce, kter\u00e1 n\u00e1m p\u0159ibli\u017euje revolucion\u00e1\u0159e, jejich\u017e ideje n\u00e1m maj\u00ed dodnes co \u0159\u00edci.<\/p>\n","protected":false},"author":2,"featured_media":255,"template":"","meta":{"jetpack_post_was_ever_published":false},"product_brand":[],"product_cat":[15],"product_tag":[],"ppma_author":[17],"class_list":{"0":"post-256","1":"product","2":"type-product","3":"status-publish","4":"has-post-thumbnail","6":"product_cat-nezarazene","8":"first","9":"instock","10":"taxable","11":"shipping-taxable","12":"purchasable","13":"product-type-simple"},"jetpack-related-posts":[],"jetpack_sharing_enabled":true,"_links":{"self":[{"href":"https:\/\/nakladatelstvisolidarita.cz\/domains\/nakladatelstvisolidarita.cz\/wp-json\/wp\/v2\/product\/256","targetHints":{"allow":["GET"]}}],"collection":[{"href":"https:\/\/nakladatelstvisolidarita.cz\/domains\/nakladatelstvisolidarita.cz\/wp-json\/wp\/v2\/product"}],"about":[{"href":"https:\/\/nakladatelstvisolidarita.cz\/domains\/nakladatelstvisolidarita.cz\/wp-json\/wp\/v2\/types\/product"}],"author":[{"embeddable":true,"href":"https:\/\/nakladatelstvisolidarita.cz\/domains\/nakladatelstvisolidarita.cz\/wp-json\/wp\/v2\/users\/2"}],"wp:featuredmedia":[{"embeddable":true,"href":"https:\/\/nakladatelstvisolidarita.cz\/domains\/nakladatelstvisolidarita.cz\/wp-json\/wp\/v2\/media\/255"}],"wp:attachment":[{"href":"https:\/\/nakladatelstvisolidarita.cz\/domains\/nakladatelstvisolidarita.cz\/wp-json\/wp\/v2\/media?parent=256"}],"wp:term":[{"taxonomy":"product_brand","embeddable":true,"href":"https:\/\/nakladatelstvisolidarita.cz\/domains\/nakladatelstvisolidarita.cz\/wp-json\/wp\/v2\/product_brand?post=256"},{"taxonomy":"product_cat","embeddable":true,"href":"https:\/\/nakladatelstvisolidarita.cz\/domains\/nakladatelstvisolidarita.cz\/wp-json\/wp\/v2\/product_cat?post=256"},{"taxonomy":"product_tag","embeddable":true,"href":"https:\/\/nakladatelstvisolidarita.cz\/domains\/nakladatelstvisolidarita.cz\/wp-json\/wp\/v2\/product_tag?post=256"},{"taxonomy":"author","embeddable":true,"href":"https:\/\/nakladatelstvisolidarita.cz\/domains\/nakladatelstvisolidarita.cz\/wp-json\/wp\/v2\/ppma_author?post=256"}],"curies":[{"name":"wp","href":"https:\/\/api.w.org\/{rel}","templated":true}]}}