{"id":240,"date":"2025-07-16T12:27:40","date_gmt":"2025-07-16T12:27:40","guid":{"rendered":"https:\/\/nakladatelstvisolidarita.cz\/domains\/nakladatelstvisolidarita.cz\/?post_type=product&#038;p=240"},"modified":"2026-01-12T19:24:34","modified_gmt":"2026-01-12T19:24:34","slug":"rebeluv-pruvodce-antoniem-gramscim","status":"publish","type":"product","link":"https:\/\/nakladatelstvisolidarita.cz\/domains\/nakladatelstvisolidarita.cz\/produkt\/rebeluv-pruvodce-antoniem-gramscim\/","title":{"rendered":"Rebel\u016fv pr\u016fvodce Antoniem Gramscim"},"content":{"rendered":"<p>Kniha\u00a0\u201eRebel\u016fv pr\u016fvodce Antoniem Gramscim\u201c\u00a0od Chrise Bamberyho je p\u0159ehledn\u00fdm a \u010dtiv\u00fdm \u00favodem do \u017eivota a my\u0161len\u00ed v\u00fdznamn\u00e9ho italsk\u00e9ho marxisty Antonia Gramsciho. Autor sleduje Gramsciho v\u00fdvoj od jeho chud\u00e9ho d\u011btstv\u00ed na Sardinii p\u0159es radikalizaci v industri\u00e1ln\u00edm Tur\u00edn\u011b a\u017e po jeho roli p\u0159i vzniku italsk\u00e9 komunistick\u00e9 strany a n\u00e1sledn\u00e1 v\u011bze\u0148sk\u00e1 l\u00e9ta pod Mussoliniho re\u017eimem. Kniha zd\u016fraz\u0148uje Gramsciho origin\u00e1ln\u00ed p\u0159\u00ednos k marxistick\u00e9 teorii \u2013 zejm\u00e9na pojet\u00ed kulturn\u00ed hegemonie, d\u011blnick\u00e9 autonomie skrze tov\u00e1rn\u00ed rady a v\u00fdznam intelektu\u00e1l\u016f v t\u0159\u00eddn\u00edm boji. D\u016fraz je kladen tak\u00e9 na historick\u00fd kontext pov\u00e1le\u010dn\u00e9 It\u00e1lie, selh\u00e1n\u00ed levice tv\u00e1\u0159\u00ed v tv\u00e1\u0159 fa\u0161ismu a Gramsciho boj o reorientaci komunistick\u00e9 strany. Text je nejen \u017eivotopisem, ale i v\u00fdzvou k politick\u00e9mu p\u0159em\u00fd\u0161len\u00ed v sou\u010dasnosti.<\/p>\n","protected":false},"excerpt":{"rendered":"<p>Kniha\u00a0\u201eRebel\u016fv pr\u016fvodce Antoniem Gramscim\u201c\u00a0od Chrise Bamberyho je p\u0159ehledn\u00fdm a \u010dtiv\u00fdm \u00favodem do \u017eivota a my\u0161len\u00ed v\u00fdznamn\u00e9ho italsk\u00e9ho marxisty Antonia Gramsciho. Text je nejen \u017eivotopisem, ale i v\u00fdzvou k politick\u00e9mu p\u0159em\u00fd\u0161len\u00ed v sou\u010dasnosti.<\/p>\n","protected":false},"author":2,"featured_media":242,"template":"","meta":{"jetpack_post_was_ever_published":false},"product_brand":[],"product_cat":[15],"product_tag":[],"ppma_author":[17],"class_list":{"0":"post-240","1":"product","2":"type-product","3":"status-publish","4":"has-post-thumbnail","6":"product_cat-nezarazene","8":"first","9":"instock","10":"purchasable","11":"product-type-simple"},"jetpack-related-posts":[],"jetpack_sharing_enabled":true,"_links":{"self":[{"href":"https:\/\/nakladatelstvisolidarita.cz\/domains\/nakladatelstvisolidarita.cz\/wp-json\/wp\/v2\/product\/240","targetHints":{"allow":["GET"]}}],"collection":[{"href":"https:\/\/nakladatelstvisolidarita.cz\/domains\/nakladatelstvisolidarita.cz\/wp-json\/wp\/v2\/product"}],"about":[{"href":"https:\/\/nakladatelstvisolidarita.cz\/domains\/nakladatelstvisolidarita.cz\/wp-json\/wp\/v2\/types\/product"}],"author":[{"embeddable":true,"href":"https:\/\/nakladatelstvisolidarita.cz\/domains\/nakladatelstvisolidarita.cz\/wp-json\/wp\/v2\/users\/2"}],"wp:featuredmedia":[{"embeddable":true,"href":"https:\/\/nakladatelstvisolidarita.cz\/domains\/nakladatelstvisolidarita.cz\/wp-json\/wp\/v2\/media\/242"}],"wp:attachment":[{"href":"https:\/\/nakladatelstvisolidarita.cz\/domains\/nakladatelstvisolidarita.cz\/wp-json\/wp\/v2\/media?parent=240"}],"wp:term":[{"taxonomy":"product_brand","embeddable":true,"href":"https:\/\/nakladatelstvisolidarita.cz\/domains\/nakladatelstvisolidarita.cz\/wp-json\/wp\/v2\/product_brand?post=240"},{"taxonomy":"product_cat","embeddable":true,"href":"https:\/\/nakladatelstvisolidarita.cz\/domains\/nakladatelstvisolidarita.cz\/wp-json\/wp\/v2\/product_cat?post=240"},{"taxonomy":"product_tag","embeddable":true,"href":"https:\/\/nakladatelstvisolidarita.cz\/domains\/nakladatelstvisolidarita.cz\/wp-json\/wp\/v2\/product_tag?post=240"},{"taxonomy":"author","embeddable":true,"href":"https:\/\/nakladatelstvisolidarita.cz\/domains\/nakladatelstvisolidarita.cz\/wp-json\/wp\/v2\/ppma_author?post=240"}],"curies":[{"name":"wp","href":"https:\/\/api.w.org\/{rel}","templated":true}]}}