{"id":30,"date":"2023-07-15T20:41:25","date_gmt":"2023-07-15T20:41:25","guid":{"rendered":"https:\/\/nakladatelstvisolidarita.cz\/domains\/nakladatelstvisolidarita.cz\/home\/"},"modified":"2025-08-22T21:49:28","modified_gmt":"2025-08-22T21:49:28","slug":"co_bude","status":"publish","type":"page","link":"https:\/\/nakladatelstvisolidarita.cz\/domains\/nakladatelstvisolidarita.cz\/co_bude\/","title":{"rendered":"Na \u010dem pracujeme"},"content":{"rendered":"\n<p>Alex Callinicos: Rasa a t\u0159\u00edda<\/p>\n\n\n\n<p>Sally Campbell: Rebel\u016fv pr\u016fvodce Rosou Luxemburg<\/p>\n\n\n\n<p>Kate Evans: Rud\u00e1 Rosa<\/p>\n\n\n\n<p>John Molyneux: Je lidsk\u00e1 povaha p\u0159ek\u00e1\u017ekou k socialismu (nov\u00e9 vyd\u00e1n\u00ed)<\/p>\n\n\n\n<p>Palestina, nov\u00e9 aktualizovan\u00e9 vyd\u00e1n\u00ed<\/p>\n\n\n\n<p>Tony Cliff: St\u00e1tn\u00ed kapitalismus v Rusku<\/p>\n\n\n\n<p>Tonny Cliff: Trockismus po Trock\u00e9m<\/p>\n\n\n\n<p>Antony Hamilton: Rebel\u016fv pr\u016fvodce Malcolmem X<\/p>\n\n\n\n<p>Chris Harman: Prorok a proletari\u00e1t<\/p>\n\n\n\n<p><\/p>\n\n\n\n<p><\/p>\n\n\n\n<p>Chce\u0161 n\u00e1m pomoci s korekturami, sazbou, ilustracemi \u010di distribuc\u00ed? <a href=\"https:\/\/nakladatelstvisolidarita.cz\/domains\/nakladatelstvisolidarita.cz\/contact\/\" data-type=\"page\" data-id=\"21\">Napi\u0161<\/a>!<\/p>\n\n\n\n<p><\/p>\n","protected":false},"excerpt":{"rendered":"<p>Alex Callinicos: Rasa a t\u0159\u00edda Sally Campbell: Rebel\u016fv pr\u016fvodce Rosou Luxemburg Kate Evans: Rud\u00e1 Rosa John Molyneux: Je lidsk\u00e1 povaha p\u0159ek\u00e1\u017ekou k socialismu (nov\u00e9 vyd\u00e1n\u00ed) Palestina, nov\u00e9 aktualizovan\u00e9 vyd\u00e1n\u00ed Tony Cliff: St\u00e1tn\u00ed kapitalismus v Rusku Tonny Cliff: Trockismus po Trock\u00e9m Antony Hamilton: Rebel\u016fv pr\u016fvodce Malcolmem X Chris Harman: Prorok a proletari\u00e1t Chce\u0161 n\u00e1m pomoci s [&hellip;]<\/p>\n","protected":false},"author":1,"featured_media":0,"parent":0,"menu_order":0,"comment_status":"closed","ping_status":"closed","template":"","meta":{"jetpack_post_was_ever_published":true,"footnotes":""},"class_list":["post-30","page","type-page","status-publish","hentry"],"jetpack-related-posts":[],"jetpack_sharing_enabled":true,"_links":{"self":[{"href":"https:\/\/nakladatelstvisolidarita.cz\/domains\/nakladatelstvisolidarita.cz\/wp-json\/wp\/v2\/pages\/30","targetHints":{"allow":["GET"]}}],"collection":[{"href":"https:\/\/nakladatelstvisolidarita.cz\/domains\/nakladatelstvisolidarita.cz\/wp-json\/wp\/v2\/pages"}],"about":[{"href":"https:\/\/nakladatelstvisolidarita.cz\/domains\/nakladatelstvisolidarita.cz\/wp-json\/wp\/v2\/types\/page"}],"author":[{"embeddable":true,"href":"https:\/\/nakladatelstvisolidarita.cz\/domains\/nakladatelstvisolidarita.cz\/wp-json\/wp\/v2\/users\/1"}],"replies":[{"embeddable":true,"href":"https:\/\/nakladatelstvisolidarita.cz\/domains\/nakladatelstvisolidarita.cz\/wp-json\/wp\/v2\/comments?post=30"}],"version-history":[{"count":5,"href":"https:\/\/nakladatelstvisolidarita.cz\/domains\/nakladatelstvisolidarita.cz\/wp-json\/wp\/v2\/pages\/30\/revisions"}],"predecessor-version":[{"id":245,"href":"https:\/\/nakladatelstvisolidarita.cz\/domains\/nakladatelstvisolidarita.cz\/wp-json\/wp\/v2\/pages\/30\/revisions\/245"}],"wp:attachment":[{"href":"https:\/\/nakladatelstvisolidarita.cz\/domains\/nakladatelstvisolidarita.cz\/wp-json\/wp\/v2\/media?parent=30"}],"curies":[{"name":"wp","href":"https:\/\/api.w.org\/{rel}","templated":true}]}}