{"id":27,"date":"2023-07-15T20:41:24","date_gmt":"2023-07-15T20:41:24","guid":{"rendered":"https:\/\/nakladatelstvisolidarita.cz\/domains\/nakladatelstvisolidarita.cz\/about-us\/"},"modified":"2024-09-18T09:33:23","modified_gmt":"2024-09-18T09:33:23","slug":"o-nas","status":"publish","type":"page","link":"https:\/\/nakladatelstvisolidarita.cz\/domains\/nakladatelstvisolidarita.cz\/o-nas\/","title":{"rendered":"O n\u00e1s"},"content":{"rendered":"\n<p>Nakladatelstv\u00ed Solidarity je projekt vlastn\u00edho nakladatelstv\u00ed organizace Socialistick\u00e1 Solidarita vych\u00e1zej\u00edc\u00ed ze skute\u010dnosti, \u017ee \u017eijeme v dob\u011b, kter\u00e1 je v\u00edce ne\u017e kdy d\u0159\u00edve dobou, kdy jsou pot\u0159eba marxistick\u00e9 my\u0161lenky. Jak ve sv\u00e9 klasick\u00e9 tak i modern\u00ed podob\u011b. \u010c\u00edm v\u00edc je kapitalismus v krizi, t\u00edm v\u00edce je pot\u0159eba nab\u00eddnout skute\u010dnou syst\u00e9movou alternativu.<\/p>\n\n\n\n<p>Nav\u00edc z vlastn\u00ed zku\u0161enosti m\u016f\u017eeme souhlasit s formulac\u00ed, kterou pou\u017eil p\u0159ed v\u00edce jak 100 lety Lenin: \u201ePodle na\u0161eho m\u00edn\u011bn\u00ed ztr\u00e1c\u00ed revolu\u010dn\u00ed sm\u011br pr\u00e1vo na existenci a je nevyhnuteln\u011b odsouzen d\u0159\u00edve nebo pozd\u011bji k politick\u00e9mu zhroucen\u00ed, nem\u00e1-li teorii.\u201c Mus\u00edme \u010d\u00edst, ps\u00e1t, p\u0159ekl\u00e1dat \u2013 a vyd\u00e1vat na\u0161e texty, proto\u017ee jen t\u00edm, \u017ee budou marxistick\u00e9 my\u0161lenky \u201epo ruce\u201c, mohou se st\u00e1t inspirac\u00ed pro akci.<\/p>\n\n\n<div class=\"wp-block-image\">\n<figure class=\"aligncenter size-full is-resized\"><img data-recalc-dims=\"1\" loading=\"lazy\" decoding=\"async\" width=\"614\" height=\"611\" src=\"https:\/\/i0.wp.com\/nakladatelstvisolidarita.cz\/domains\/nakladatelstvisolidarita.cz\/wp-content\/uploads\/2024\/09\/hmw.gif?resize=614%2C611&#038;ssl=1\" alt=\"\" class=\"wp-image-84\" style=\"width:298px;height:auto\"\/><\/figure>\n<\/div>","protected":false},"excerpt":{"rendered":"<p>Nakladatelstv\u00ed Solidarity je projekt vlastn\u00edho nakladatelstv\u00ed organizace Socialistick\u00e1 Solidarita vych\u00e1zej\u00edc\u00ed ze skute\u010dnosti, \u017ee \u017eijeme v dob\u011b, kter\u00e1 je v\u00edce ne\u017e kdy d\u0159\u00edve dobou, kdy jsou pot\u0159eba marxistick\u00e9 my\u0161lenky. Jak ve sv\u00e9 klasick\u00e9 tak i modern\u00ed podob\u011b. \u010c\u00edm v\u00edc je kapitalismus v krizi, t\u00edm v\u00edce je pot\u0159eba nab\u00eddnout skute\u010dnou syst\u00e9movou alternativu. Nav\u00edc z vlastn\u00ed zku\u0161enosti m\u016f\u017eeme [&hellip;]<\/p>\n","protected":false},"author":1,"featured_media":0,"parent":0,"menu_order":0,"comment_status":"closed","ping_status":"closed","template":"","meta":{"jetpack_post_was_ever_published":false,"footnotes":""},"class_list":["post-27","page","type-page","status-publish","hentry"],"jetpack-related-posts":[],"jetpack_sharing_enabled":true,"_links":{"self":[{"href":"https:\/\/nakladatelstvisolidarita.cz\/domains\/nakladatelstvisolidarita.cz\/wp-json\/wp\/v2\/pages\/27","targetHints":{"allow":["GET"]}}],"collection":[{"href":"https:\/\/nakladatelstvisolidarita.cz\/domains\/nakladatelstvisolidarita.cz\/wp-json\/wp\/v2\/pages"}],"about":[{"href":"https:\/\/nakladatelstvisolidarita.cz\/domains\/nakladatelstvisolidarita.cz\/wp-json\/wp\/v2\/types\/page"}],"author":[{"embeddable":true,"href":"https:\/\/nakladatelstvisolidarita.cz\/domains\/nakladatelstvisolidarita.cz\/wp-json\/wp\/v2\/users\/1"}],"replies":[{"embeddable":true,"href":"https:\/\/nakladatelstvisolidarita.cz\/domains\/nakladatelstvisolidarita.cz\/wp-json\/wp\/v2\/comments?post=27"}],"version-history":[{"count":2,"href":"https:\/\/nakladatelstvisolidarita.cz\/domains\/nakladatelstvisolidarita.cz\/wp-json\/wp\/v2\/pages\/27\/revisions"}],"predecessor-version":[{"id":86,"href":"https:\/\/nakladatelstvisolidarita.cz\/domains\/nakladatelstvisolidarita.cz\/wp-json\/wp\/v2\/pages\/27\/revisions\/86"}],"wp:attachment":[{"href":"https:\/\/nakladatelstvisolidarita.cz\/domains\/nakladatelstvisolidarita.cz\/wp-json\/wp\/v2\/media?parent=27"}],"curies":[{"name":"wp","href":"https:\/\/api.w.org\/{rel}","templated":true}]}}