{"id":21,"date":"2023-07-15T20:41:22","date_gmt":"2023-07-15T20:41:22","guid":{"rendered":"https:\/\/nakladatelstvisolidarita.cz\/domains\/nakladatelstvisolidarita.cz\/contact\/"},"modified":"2025-05-12T10:52:19","modified_gmt":"2025-05-12T10:52:19","slug":"contact","status":"publish","type":"page","link":"https:\/\/nakladatelstvisolidarita.cz\/domains\/nakladatelstvisolidarita.cz\/contact\/","title":{"rendered":"Kontakt"},"content":{"rendered":"\n<p>Nakladatelstv\u00ed Solidarita z.s.<br>\u0160kolsk\u00e1 660\/3<br>Praha<br>110 00<br><br>I\u010cO: 17660581<\/p>\n\n\n\n<p>info@nakladatelstvisolidarita.cz<br><a href=\"https:\/\/www.facebook.com\/nakladatelstvisolidarita\">https:\/\/www.facebook.com\/nakladatelstvisolidarita<\/a><\/p>\n\n\n\n<p><\/p>\n","protected":false},"excerpt":{"rendered":"<p>Nakladatelstv\u00ed Solidarita z.s.\u0160kolsk\u00e1 660\/3Praha110 00 I\u010cO: 17660581 info@nakladatelstvisolidarita.czhttps:\/\/www.facebook.com\/nakladatelstvisolidarita<\/p>\n","protected":false},"author":1,"featured_media":0,"parent":0,"menu_order":0,"comment_status":"closed","ping_status":"closed","template":"","meta":{"jetpack_post_was_ever_published":false,"footnotes":""},"class_list":["post-21","page","type-page","status-publish","hentry"],"jetpack-related-posts":[],"jetpack_sharing_enabled":true,"_links":{"self":[{"href":"https:\/\/nakladatelstvisolidarita.cz\/domains\/nakladatelstvisolidarita.cz\/wp-json\/wp\/v2\/pages\/21","targetHints":{"allow":["GET"]}}],"collection":[{"href":"https:\/\/nakladatelstvisolidarita.cz\/domains\/nakladatelstvisolidarita.cz\/wp-json\/wp\/v2\/pages"}],"about":[{"href":"https:\/\/nakladatelstvisolidarita.cz\/domains\/nakladatelstvisolidarita.cz\/wp-json\/wp\/v2\/types\/page"}],"author":[{"embeddable":true,"href":"https:\/\/nakladatelstvisolidarita.cz\/domains\/nakladatelstvisolidarita.cz\/wp-json\/wp\/v2\/users\/1"}],"replies":[{"embeddable":true,"href":"https:\/\/nakladatelstvisolidarita.cz\/domains\/nakladatelstvisolidarita.cz\/wp-json\/wp\/v2\/comments?post=21"}],"version-history":[{"count":3,"href":"https:\/\/nakladatelstvisolidarita.cz\/domains\/nakladatelstvisolidarita.cz\/wp-json\/wp\/v2\/pages\/21\/revisions"}],"predecessor-version":[{"id":233,"href":"https:\/\/nakladatelstvisolidarita.cz\/domains\/nakladatelstvisolidarita.cz\/wp-json\/wp\/v2\/pages\/21\/revisions\/233"}],"wp:attachment":[{"href":"https:\/\/nakladatelstvisolidarita.cz\/domains\/nakladatelstvisolidarita.cz\/wp-json\/wp\/v2\/media?parent=21"}],"curies":[{"name":"wp","href":"https:\/\/api.w.org\/{rel}","templated":true}]}}